{"id":6,"date":"2016-09-28T14:53:50","date_gmt":"2016-09-28T12:53:50","guid":{"rendered":"http:\/\/theatredecaen.fr\/?page_id=6"},"modified":"2022-01-31T18:03:30","modified_gmt":"2022-01-31T17:03:30","slug":"theatre-de-caen","status":"publish","type":"page","link":"http:\/\/theatredecaen.fr\/","title":{"rendered":"Th\u00e9\u00e2tre de Caen"},"content":{"rendered":"<h2><span style=\"color: #0000ff;\">Pr\u00e9sentation du Th\u00e9\u00e2tre de Caen<\/span><\/h2>\n<p><span style=\"color: #0000ff;\"><img loading=\"lazy\" class=\"alignnone size-medium wp-image-12 alignleft\" src=\"http:\/\/theatredecaen.fr\/wp-content\/uploads\/2016\/09\/5-1.jpeg-300x150.jpg\" alt=\"5-1.jpeg\" width=\"300\" height=\"150\" srcset=\"http:\/\/theatredecaen.fr\/wp-content\/uploads\/2016\/09\/5-1.jpeg-300x150.jpg 300w, http:\/\/theatredecaen.fr\/wp-content\/uploads\/2016\/09\/5-1.jpeg.jpg 318w\" sizes=\"(max-width: 300px) 100vw, 300px\" \/>Situ\u00e9 dans la ville de Caen et dirig\u00e9 par Patrick Foll depuis 2011, il s&rsquo;agit d&rsquo;un projet unique en France dont l&rsquo;originalit\u00e9 est de proposer dans sa p\u00e9riode l&rsquo;ensemble des cat\u00e9gories du spectacle vivant. L&rsquo;objectif de cet <a href=\"https:\/\/www.esa-ipa.com\/\">\u00e9cole d&rsquo;art<\/a> th\u00e9\u00e2tre est d&rsquo;offrir \u00e0 ses invit\u00e9s une programmation multidisciplinaire afin de convier le spectateur \u00e0 l&rsquo;int\u00e9r\u00eat, \u00e0 l&rsquo;illumination, de lui faire d\u00e9couvrir toute la richesse de la cr\u00e9ation actuelle et de questionner les ponts possibles entre les divers genres. Les premi\u00e8res repr\u00e9sentations th\u00e9\u00e2trales furent r\u00e9alis\u00e9es par des \u00e9tudiants. Ce th\u00e9\u00e2tre est per\u00e7u de nos jours comme \u00e9tant la principale sc\u00e8ne de spectacle vivant en Basse-Normandie. Vous y trouverez tous genres de spectacle vivant : op\u00e9ra, danse, th\u00e9\u00e2tre musical, concerts, cin\u00e9-concert, jazz, sc\u00e8ne lyrique, th\u00e9\u00e2tre, cultures du monde et nouveau cirque. La confiance et l&rsquo;adh\u00e9sion se sont empar\u00e9es du public au fil du temps et gr\u00e2ce \u00e0 cela, le taux de fr\u00e9quentation du th\u00e9\u00e2tre de Caen cro\u00eet chaque saison. On constate par ailleurs que cette derni\u00e8re a doubl\u00e9 en 12 ans. On chiffre \u00e0 135 000 le nombre de spectateurs ayant fr\u00e9quent\u00e9 le th\u00e9\u00e2tre durant la saison 2012\/2013. Il a connu la plus importante phase de travaux depuis son inauguration durant la saison 2013\/2014.<\/span><\/p>\n<h2><span style=\"color: #0000ff;\">Informations g\u00e9n\u00e9rales sur le d\u00e9m\u00e9nagement<\/span><\/h2>\n<p><span style=\"color: #0000ff;\">Bien choisir son d\u00e9m\u00e9nageur est primordial pour le bon d\u00e9roulement d&rsquo;un d\u00e9m\u00e9nagement. Et nous l&rsquo;avons compris. Pour ce faire, vous devez dans un premier temps solliciter un devis d\u00e9m\u00e9nagement afin d&rsquo;\u00eatre fix\u00e9 sur le co\u00fbt \u00e0 pr\u00e9voir pour votre d\u00e9m\u00e9nagement. Vous devez vous prendre assez t\u00f4t pour \u00e9viter le stress et inconv\u00e9nients de derni\u00e8re minute. Une bonne organisation est donc primordiale pour un d\u00e9m\u00e9nagement en toute s\u00e9r\u00e9nit\u00e9. Vous pouvez organiser vous-m\u00eame votre propre d\u00e9m\u00e9nagement, afin d&rsquo;\u00e9conomiser d&rsquo;un peu et de faciliter la t\u00e2che au d\u00e9m\u00e9nageur. Bien que les risques ne soient pas tr\u00e8s nombreux, assurez-vous tout de m\u00eame que votre agence de d\u00e9m\u00e9nagement dispose d&rsquo;une assurance ou pensez \u00e0 en contracter une. Assurez-vous aussi que les camions de d\u00e9m\u00e9nagement de votre agence disposent d&rsquo;une licence de transport. En fonction garde meuble de la formule de d\u00e9m\u00e9nagement que vous aurez choisie, mettez de l&rsquo;ordre dans vos affaires pour facilement les retrouver lors de votre installation dans votre nouveau domicile.<\/span><\/p>\n<h2><span style=\"color: #0000ff;\">Informations g\u00e9n\u00e9rales sur l&rsquo;assurance vie<\/span><\/h2>\n<p><span style=\"color: #0000ff;\">L&rsquo; assurance vie est un contrat par lequel l&rsquo;assureur (organisme financier) prend l&rsquo;initiative, en compensation du paiement des primes, de verser un capital ou une rente \u00e0 un ou plusieurs b\u00e9n\u00e9ficiaires d\u00e9termin\u00e9s. Le souscripteur a donc le choix entre deux types de contrats : contrat vie et d\u00e9c\u00e8s et contrat en cas de vie, en cas de d\u00e9c\u00e8s. Le souscripteur et l&rsquo;assureur devront donc respecter les conditions qui figurent sur le contrat d&rsquo;assurance auquel l&rsquo;assur\u00e9 a souscrit. Le souscripteur dispose de 14 jours pour renoncer au contrat. Pendant toute la p\u00e9riode du contrat assurance vie, l&rsquo;assur\u00e9 devra donc payer des primes et des frais pourront \u00eatre factur\u00e9s. Le taux d&rsquo;int\u00e9r\u00eat varie en fonction du support (support en unit\u00e9s de compte ou en euros) sur lequel les primes sont investies. En cas de d\u00e9c\u00e8s de l&rsquo;assur\u00e9, le capital sera vers\u00e9 au(x) b\u00e9n\u00e9ficiaire(s) du contrat.<\/span><\/p>\n<h2><span style=\"color: #0000ff;\">Informations g\u00e9n\u00e9rales sur les visas pour l&rsquo;\u00e9tranger<\/span><\/h2>\n<p><span style=\"color: #0000ff;\">Ind\u00e9pendamment du pays pour lequel vous souhaitez obtenir le visa, vous devez vous adresser au service consulaire de l&rsquo;ambassade ou au Consulat du pays d&rsquo;expatriation. En g\u00e9n\u00e9ral, pour obtenir un visa chine, visa russie, visa inde, visa vietnam, vous devez vous munir de votre passeport en cours de validit\u00e9, des photos d&rsquo;identit\u00e9, d&rsquo;une attestation de voyage avec billet de retour \u00e0 l&rsquo;appui, d&rsquo;une invitation de la part d&rsquo;une personne physique ou morale habitant le pays et bien plus encore. Vous devrez aussi compl\u00e9ter un formulaire de demande de visa et r\u00e9gler le montant des frais de votre demande. Le co\u00fbt, tout comme le d\u00e9lai de d\u00e9livrance varient en fonction du pays d&rsquo;accueil. Il est primordial de bien se renseigner et de commencer les d\u00e9marches bien assez t\u00f4t pour \u00eatre s\u00fbr d&rsquo;avoir votre visa avant la date pr\u00e9vue pour votre d\u00e9part. Par ailleurs, de nombreuses raisons peuvent conduire au rejet de votre demande de visa. Si vous vous y \u00eates pris assez t\u00f4t, vous aurez peut-\u00eatre le temps de red\u00e9poser votre demande tout en compl\u00e9tant la pi\u00e8ce manquante ou en prenant en compte les raisons du pr\u00e9c\u00e9dent rejet.<\/span><\/p>\n<h2><span style=\"color: #0000ff;\">Informations g\u00e9n\u00e9rales sur les croisi\u00e8res<\/span><\/h2>\n<p><span style=\"color: #0000ff;\">Gr\u00e2ce aux croisiere , vous avez la possibilit\u00e9 de r\u00e9aliser de nombreuses activit\u00e9s \u00e0 bord comme \u00e0 terre durant votre voyage. Vous fa\u00e7onnez votre s\u00e9jour selon vos envies et vous avez une multitude d&rsquo;itin\u00e9raires qui s&rsquo;offre \u00e0 vous. Vous d\u00e9couvrez le monde tout en vous d\u00e9tendant et en vous divertissant. En g\u00e9n\u00e9ral, les tarifs propos\u00e9s par les agences de croisi\u00e8re comprennent la pension compl\u00e8te avec bien s\u00fbr de nombreux plaisirs gourmands \u00e0 volont\u00e9. Vous serez log\u00e9 dans la cabine de votre choix et de nombreuses activit\u00e9s sont propos\u00e9es \u00e0 bord. Vous n&rsquo;avez pas \u00e0 vous soucier de vos valises, emportez avec vous juste le strict n\u00e9cessaire. Certains navires de croisi\u00e8re disposent de bar, de salle de cin\u00e9ma, de night-club, de piscine, de terrasse et bien plus encore, afin que vos vacances soient les plus agr\u00e9ables possible.<\/span><\/p>\n","protected":false},"excerpt":{"rendered":"<p>Pr\u00e9sentation du Th\u00e9\u00e2tre de Caen Situ\u00e9 dans la ville de Caen et dirig\u00e9 par Patrick Foll depuis 2011, il s&rsquo;agit d&rsquo;un projet unique en France dont l&rsquo;originalit\u00e9 est de proposer dans sa p\u00e9riode l&rsquo;ensemble des cat\u00e9gories du spectacle vivant. L&rsquo;objectif de cet \u00e9cole d&rsquo;art th\u00e9\u00e2tre est d&rsquo;offrir \u00e0 ses invit\u00e9s une programmation multidisciplinaire afin de [&hellip;]<\/p>\n","protected":false},"author":1,"featured_media":0,"parent":0,"menu_order":0,"comment_status":"closed","ping_status":"closed","template":"","meta":[],"_links":{"self":[{"href":"http:\/\/theatredecaen.fr\/index.php\/wp-json\/wp\/v2\/pages\/6"}],"collection":[{"href":"http:\/\/theatredecaen.fr\/index.php\/wp-json\/wp\/v2\/pages"}],"about":[{"href":"http:\/\/theatredecaen.fr\/index.php\/wp-json\/wp\/v2\/types\/page"}],"author":[{"embeddable":true,"href":"http:\/\/theatredecaen.fr\/index.php\/wp-json\/wp\/v2\/users\/1"}],"replies":[{"embeddable":true,"href":"http:\/\/theatredecaen.fr\/index.php\/wp-json\/wp\/v2\/comments?post=6"}],"version-history":[{"count":9,"href":"http:\/\/theatredecaen.fr\/index.php\/wp-json\/wp\/v2\/pages\/6\/revisions"}],"predecessor-version":[{"id":23,"href":"http:\/\/theatredecaen.fr\/index.php\/wp-json\/wp\/v2\/pages\/6\/revisions\/23"}],"wp:attachment":[{"href":"http:\/\/theatredecaen.fr\/index.php\/wp-json\/wp\/v2\/media?parent=6"}],"curies":[{"name":"wp","href":"https:\/\/api.w.org\/{rel}","templated":true}]}}